{"id":1301,"date":"2019-10-18T19:56:59","date_gmt":"2019-10-19T00:56:59","guid":{"rendered":"http:\/\/cbi2.azc.uam.mx\/?page_id=1301"},"modified":"2026-03-30T14:01:59","modified_gmt":"2026-03-30T20:01:59","slug":"politica-de-privacidad","status":"publish","type":"page","link":"https:\/\/cbi.azc.uam.mx\/?page_id=1301","title":{"rendered":"Pol\u00edtica de privacidad"},"content":{"rendered":"\t\t<div data-elementor-type=\"wp-page\" data-elementor-id=\"1301\" class=\"elementor elementor-1301\">\n\t\t\t\t\t\t<div class=\"elementor-inner\">\n\t\t\t\t<div class=\"elementor-section-wrap\">\n\t\t\t\t\t\t\t\t\t<section class=\"elementor-section elementor-top-section elementor-element elementor-element-512e43b elementor-section-boxed elementor-section-height-default elementor-section-height-default\" data-id=\"512e43b\" data-element_type=\"section\" data-settings=\"{&quot;background_background&quot;:&quot;classic&quot;}\">\n\t\t\t\t\t\t<div class=\"elementor-container elementor-column-gap-default\">\n\t\t\t\t\t\t\t<div class=\"elementor-row\">\n\t\t\t\t\t<div class=\"elementor-column elementor-col-100 elementor-top-column elementor-element elementor-element-a8c97e1\" data-id=\"a8c97e1\" data-element_type=\"column\">\n\t\t\t<div class=\"elementor-column-wrap elementor-element-populated\">\n\t\t\t\t\t\t\t<div class=\"elementor-widget-wrap\">\n\t\t\t\t\t\t<div class=\"elementor-element elementor-element-3f943ec elementor-invisible elementor-widget elementor-widget-heading\" data-id=\"3f943ec\" data-element_type=\"widget\" data-settings=\"{&quot;_animation&quot;:&quot;fadeIn&quot;}\" data-widget_type=\"heading.default\">\n\t\t\t\t<div class=\"elementor-widget-container\">\n\t\t\t<h3 class=\"elementor-heading-title elementor-size-default\">Aviso de Privacidad<\/h3>\t\t<\/div>\n\t\t\t\t<\/div>\n\t\t\t\t\t\t<\/div>\n\t\t\t\t\t<\/div>\n\t\t<\/div>\n\t\t\t\t\t\t\t\t<\/div>\n\t\t\t\t\t<\/div>\n\t\t<\/section>\n\t\t\t\t<section class=\"elementor-section elementor-top-section elementor-element elementor-element-af51976 elementor-section-boxed elementor-section-height-default elementor-section-height-default\" data-id=\"af51976\" data-element_type=\"section\">\n\t\t\t\t\t\t<div class=\"elementor-container elementor-column-gap-default\">\n\t\t\t\t\t\t\t<div class=\"elementor-row\">\n\t\t\t\t\t<div class=\"elementor-column elementor-col-100 elementor-top-column elementor-element elementor-element-1aaf68f4\" data-id=\"1aaf68f4\" data-element_type=\"column\">\n\t\t\t<div class=\"elementor-column-wrap elementor-element-populated\">\n\t\t\t\t\t\t\t<div class=\"elementor-widget-wrap\">\n\t\t\t\t\t\t<div class=\"elementor-element elementor-element-65caea59 elementor-widget elementor-widget-text-editor\" data-id=\"65caea59\" data-element_type=\"widget\" data-widget_type=\"text-editor.default\">\n\t\t\t\t<div class=\"elementor-widget-container\">\n\t\t\t\t\t\t\t\t<div class=\"elementor-text-editor elementor-clearfix\">\n\t\t\t\t<p style=\"text-align: left;\" align=\"justify\">La DIVISI\u00d3N DE CIENCIAS B\u00c1SICAS E INGENIER\u00cdA de la UNIDAD AZCAPOTZALCO (DCBI-A), con domicilio en calle San Pablo # 420, Colonia Nueva el Rosario, C.P. 02128, en la alcald\u00eda Azcapotzalco de la Ciudad de M\u00e9xico, M\u00e9xico, y portal de internet http:\/\/dcbi.azc.uam.mx\/, es el responsable del uso y protecci\u00f3n de sus datos personales, y al respecto le informamos lo siguiente:<\/p>\n<p align=\"justify\">\u00a0<\/p>\n<p style=\"text-align: left;\" align=\"justify\"><b>\u00bfPara qu\u00e9 fines utilizaremos sus datos personales?<\/b><\/p>\n<p style=\"text-align: left;\" align=\"justify\">La informaci\u00f3n proporcionada se utilizar\u00e1 para las siguientes finalidades que nos permiten y facilitan brindarle una mejor atenci\u00f3n:<\/p>\n<p style=\"padding-left: 40px;\">An\u00e1lisis de datos<\/p>\n<p style=\"padding-left: 40px;\">Control de datos<\/p>\n<p style=\"padding-left: 40px;\">Generaci\u00f3n de estad\u00edsticas<\/p>\n<p style=\"padding-left: 40px;\">Mejora de servicios<\/p>\n<p style=\"padding-left: 40px;\">\u00a0<\/p>\n<p style=\"text-align: left;\" align=\"justify\"><b>\u00bfQu\u00e9 datos personales utilizaremos para estos fines?<\/b><\/p>\n<p style=\"text-align: left;\" align=\"justify\">Para llevar a cabo las finalidades descritas en el presente aviso de privacidad, utilizaremos los siguientes datos personales:<\/p>\n<p style=\"padding-left: 40px;\">Nombre<\/p>\n<p style=\"padding-left: 40px;\">Registro Federal de Contribuyentes(RFC)<\/p>\n<p style=\"padding-left: 40px;\">Clave \u00fanica de Registro de Poblaci\u00f3n (CURP)<\/p>\n<p style=\"padding-left: 40px;\">Fecha de nacimiento<\/p>\n<p style=\"padding-left: 40px;\">Nacionalidad<\/p>\n<p style=\"padding-left: 40px;\">Correo electr\u00f3nico<\/p>\n<p style=\"padding-left: 40px;\">Edad<\/p>\n<p style=\"padding-left: 40px;\">Puesto o cargo que desempe\u00f1a<\/p>\n<p style=\"padding-left: 40px;\">Domicilio de trabajo<\/p>\n<p style=\"padding-left: 40px;\">Correo electr\u00f3nico institucional<\/p>\n<p style=\"padding-left: 40px;\">Tel\u00e9fono institucional<\/p>\n<p style=\"padding-left: 40px;\">Capacitaci\u00f3n laboral<\/p>\n<p style=\"padding-left: 40px;\">Trayectoria educativa<\/p>\n<p style=\"padding-left: 40px;\">T\u00edtulos<\/p>\n<p style=\"padding-left: 40px;\">C\u00e9dula profesional<\/p>\n<p style=\"padding-left: 40px;\">Certificados<\/p>\n<p style=\"padding-left: 40px;\">Reconocimientos<\/p>\n<p style=\"padding-left: 40px;\">Calidad migratoria<\/p>\n<p style=\"padding-left: 40px;\">Derechos de residencia<\/p>\n<p style=\"padding-left: 40px;\">Datos de identificaci\u00f3n<\/p>\n<p style=\"padding-left: 40px;\">Datos de contacto<\/p>\n<p style=\"padding-left: 40px;\">Datos sobre caracter\u00edsticas f\u00edsicas<\/p>\n<p style=\"padding-left: 40px;\">Datos laborales<\/p>\n<p style=\"padding-left: 40px;\">Datos acad\u00e9micos<\/p>\n<p>\u00a0<\/p>\n<p style=\"text-align: left;\" align=\"justify\"><b>\u00bfC\u00f3mo puede acceder, rectificar o cancelar sus datos personales, u oponerse a su uso? <\/b><\/p>\n<p style=\"text-align: left;\" align=\"justify\">Usted tiene derecho a conocer qu\u00e9 datos personales tenemos de usted, para qu\u00e9 los utilizamos y las condiciones del uso que les damos (Acceso). Asimismo, es su derecho solicitar la correcci\u00f3n de su informaci\u00f3n personal en caso de que est\u00e9 desactualizada, sea inexacta o incompleta (Rectificaci\u00f3n); que la eliminemos de nuestros registros o bases de datos cuando considere que la misma no est\u00e1 siendo utilizada adecuadamente (Cancelaci\u00f3n); as\u00ed como oponerse al uso de sus datos personales para fines espec\u00edficos (Oposici\u00f3n). Estos derechos se conocen como derechos ARCO.<\/p>\n<p style=\"text-align: left;\" align=\"justify\">Para el ejercicio de cualquiera de los derechos ARCO, usted deber\u00e1 presentar la solicitud respectiva a trav\u00e9s del siguiente medio:<\/p>\n<p style=\"text-align: left;\" align=\"justify\">Acudir a la Secretar\u00eda Acad\u00e9mica de la DCBI-A o llame al tel\u00e9fono 5318-9003<\/p>\n<p style=\"text-align: left;\" align=\"justify\">Para conocer el procedimiento y requisitos para el ejercicio de los derechos ARCO, ponemos a su disposici\u00f3n el siguiente medio:<\/p>\n<p style=\"text-align: left;\" align=\"\">Correo electr\u00f3nico sacacbi@azc.uam.mx<\/p>\n<p style=\"text-align: left;\" align=\"justify\">Los datos de contacto de la persona o departamento de datos personales, que est\u00e1 a cargo de dar tr\u00e1mite a las solicitudes de derechos ARCO, son los siguientes:<\/p>\n<p style=\"text-align: left; padding-left: 40px;\">a) Nombre de la persona o departamento de datos personales: Secretaria Acad\u00e9mica de la DCBI-A<\/p>\n<p style=\"text-align: left; padding-left: 40px;\">b) Domicilio: calle San Pablo # 180, colonia Reynosa Tamaulipas, Ciudad de M\u00e9xico, delegaci\u00f3n Azcapotzalco, C.P. 02200, en la entidad de Ciudad de M\u00e9xico, M\u00e9xico<\/p>\n<p style=\"text-align: left; padding-left: 40px;\">c) Correo electr\u00f3nico: sacacbi@azc.uam.mx<\/p>\n<p style=\"text-align: left; padding-left: 40px;\">d) N\u00famero telef\u00f3nico: 5318-9003<\/p>\n<p>\u00a0<\/p>\n<p style=\"text-align: left;\" align=\"justify\"><b>\u00bfC\u00f3mo puede conocer los cambios en este aviso de privacidad?<\/b><\/p>\n<p style=\"text-align: left;\" align=\"justify\">El presente aviso de privacidad puede sufrir modificaciones, cambios o actualizaciones derivadas de nuevos requerimientos legales; de nuestras propias necesidades por los productos o servicios que ofrecemos; de nuestras pr\u00e1cticas de privacidad; de cambios en nuestro modelo de negocio, o por otras causas.<\/p>\n<p style=\"text-align: left;\" align=\"justify\">Nos comprometemos a mantenerlo informado sobre los cambios que pueda sufrir el presente aviso de privacidad, a trav\u00e9s de: de la p\u00e1gina electr\u00f3nica http:\/\/dcbi.azc.uam.mx.<\/p>\n<p style=\"text-align: left;\" align=\"justify\">El procedimiento a trav\u00e9s del cual se llevar\u00e1n a cabo las notificaciones sobre cambios o actualizaciones al presente aviso de privacidad es el siguiente:<\/p>\n<p style=\"text-align: left;\" align=\"justify\">Notificaci\u00f3n en la p\u00e1gina electr\u00f3nica http:\/\/dcbi.azc.uam.mx<\/p>\n<p><!-- \/wp:heading --><\/p>\t\t\t\t\t<\/div>\n\t\t\t\t\t\t<\/div>\n\t\t\t\t<\/div>\n\t\t\t\t\t\t<\/div>\n\t\t\t\t\t<\/div>\n\t\t<\/div>\n\t\t\t\t\t\t\t\t<\/div>\n\t\t\t\t\t<\/div>\n\t\t<\/section>\n\t\t\t\t<section class=\"elementor-section elementor-top-section elementor-element elementor-element-7cd8f75 elementor-section-boxed elementor-section-height-default elementor-section-height-default\" data-id=\"7cd8f75\" data-element_type=\"section\">\n\t\t\t\t\t\t<div class=\"elementor-container elementor-column-gap-default\">\n\t\t\t\t\t\t\t<div class=\"elementor-row\">\n\t\t\t\t\t<div class=\"elementor-column elementor-col-100 elementor-top-column elementor-element elementor-element-74eb385\" data-id=\"74eb385\" data-element_type=\"column\">\n\t\t\t<div class=\"elementor-column-wrap elementor-element-populated\">\n\t\t\t\t\t\t\t<div class=\"elementor-widget-wrap\">\n\t\t\t\t\t\t<div class=\"elementor-element elementor-element-5f84a73 elementor-widget elementor-widget-spacer\" data-id=\"5f84a73\" data-element_type=\"widget\" data-widget_type=\"spacer.default\">\n\t\t\t\t<div class=\"elementor-widget-container\">\n\t\t\t\t\t<div class=\"elementor-spacer\">\n\t\t\t<div class=\"elementor-spacer-inner\"><\/div>\n\t\t<\/div>\n\t\t\t\t<\/div>\n\t\t\t\t<\/div>\n\t\t\t\t\t\t<\/div>\n\t\t\t\t\t<\/div>\n\t\t<\/div>\n\t\t\t\t\t\t\t\t<\/div>\n\t\t\t\t\t<\/div>\n\t\t<\/section>\n\t\t\t\t<section class=\"elementor-section elementor-top-section elementor-element elementor-element-600efbf elementor-section-stretched elementor-section-boxed elementor-section-height-default elementor-section-height-default\" data-id=\"600efbf\" data-element_type=\"section\" data-settings=\"{&quot;stretch_section&quot;:&quot;section-stretched&quot;,&quot;background_background&quot;:&quot;classic&quot;}\">\n\t\t\t\t\t\t<div class=\"elementor-container elementor-column-gap-default\">\n\t\t\t\t\t\t\t<div class=\"elementor-row\">\n\t\t\t\t\t<div class=\"elementor-column elementor-col-100 elementor-top-column elementor-element elementor-element-40a68ce\" data-id=\"40a68ce\" data-element_type=\"column\">\n\t\t\t<div class=\"elementor-column-wrap elementor-element-populated\">\n\t\t\t\t\t\t\t<div class=\"elementor-widget-wrap\">\n\t\t\t\t\t\t<div class=\"elementor-element elementor-element-4494c91 elementor-widget elementor-widget-text-editor\" data-id=\"4494c91\" data-element_type=\"widget\" data-widget_type=\"text-editor.default\">\n\t\t\t\t<div class=\"elementor-widget-container\">\n\t\t\t\t\t\t\t\t<div class=\"elementor-text-editor elementor-clearfix\">\n\t\t\t\t<p><strong>Oficinas Generales de la Divisi\u00f3n de Ciencias B\u00e1sicas e Ingenier\u00eda.\u00a0<\/strong>Edificio HP, 1er piso, Tel. 01 (55) 5318 9001, <a href=\"mailto:dircbi@correo.azc.uam.mx\"><u>dircbi@correo.azc.uam.mx<\/u><\/a><\/p>\t\t\t\t\t<\/div>\n\t\t\t\t\t\t<\/div>\n\t\t\t\t<\/div>\n\t\t\t\t\t\t<\/div>\n\t\t\t\t\t<\/div>\n\t\t<\/div>\n\t\t\t\t\t\t\t\t<\/div>\n\t\t\t\t\t<\/div>\n\t\t<\/section>\n\t\t\t\t<section class=\"elementor-section elementor-top-section elementor-element elementor-element-6595722 elementor-section-stretched elementor-section-height-min-height elementor-section-boxed elementor-section-height-default elementor-section-items-middle\" data-id=\"6595722\" data-element_type=\"section\" data-settings=\"{&quot;stretch_section&quot;:&quot;section-stretched&quot;,&quot;background_background&quot;:&quot;classic&quot;}\">\n\t\t\t\t\t\t<div class=\"elementor-container elementor-column-gap-default\">\n\t\t\t\t\t\t\t<div class=\"elementor-row\">\n\t\t\t\t\t<div class=\"elementor-column elementor-col-16 elementor-top-column elementor-element elementor-element-5a0bdd5\" data-id=\"5a0bdd5\" data-element_type=\"column\">\n\t\t\t<div class=\"elementor-column-wrap elementor-element-populated\">\n\t\t\t\t\t\t\t<div class=\"elementor-widget-wrap\">\n\t\t\t\t\t\t<div class=\"elementor-element elementor-element-4e99a50 elementor-widget elementor-widget-heading\" data-id=\"4e99a50\" data-element_type=\"widget\" data-widget_type=\"heading.default\">\n\t\t\t\t<div class=\"elementor-widget-container\">\n\t\t\t<h6 class=\"elementor-heading-title elementor-size-default\">Azcapotzalco<\/h6>\t\t<\/div>\n\t\t\t\t<\/div>\n\t\t\t\t\t\t<\/div>\n\t\t\t\t\t<\/div>\n\t\t<\/div>\n\t\t\t\t<div class=\"elementor-column elementor-col-16 elementor-top-column elementor-element elementor-element-eb89bbb\" data-id=\"eb89bbb\" data-element_type=\"column\">\n\t\t\t<div class=\"elementor-column-wrap elementor-element-populated\">\n\t\t\t\t\t\t\t<div class=\"elementor-widget-wrap\">\n\t\t\t\t\t\t<div class=\"elementor-element elementor-element-cc77af4 elementor-widget elementor-widget-heading\" data-id=\"cc77af4\" data-element_type=\"widget\" data-widget_type=\"heading.default\">\n\t\t\t\t<div class=\"elementor-widget-container\">\n\t\t\t<h6 class=\"elementor-heading-title elementor-size-default\">Cuajimalpa<\/h6>\t\t<\/div>\n\t\t\t\t<\/div>\n\t\t\t\t\t\t<\/div>\n\t\t\t\t\t<\/div>\n\t\t<\/div>\n\t\t\t\t<div class=\"elementor-column elementor-col-16 elementor-top-column elementor-element elementor-element-694c49d\" data-id=\"694c49d\" data-element_type=\"column\">\n\t\t\t<div class=\"elementor-column-wrap elementor-element-populated\">\n\t\t\t\t\t\t\t<div class=\"elementor-widget-wrap\">\n\t\t\t\t\t\t<div class=\"elementor-element elementor-element-459b36b elementor-widget elementor-widget-heading\" data-id=\"459b36b\" data-element_type=\"widget\" data-widget_type=\"heading.default\">\n\t\t\t\t<div class=\"elementor-widget-container\">\n\t\t\t<h6 class=\"elementor-heading-title elementor-size-default\">Iztapalapa<\/h6>\t\t<\/div>\n\t\t\t\t<\/div>\n\t\t\t\t\t\t<\/div>\n\t\t\t\t\t<\/div>\n\t\t<\/div>\n\t\t\t\t<div class=\"elementor-column elementor-col-16 elementor-top-column elementor-element elementor-element-8b5cce9\" data-id=\"8b5cce9\" data-element_type=\"column\">\n\t\t\t<div class=\"elementor-column-wrap elementor-element-populated\">\n\t\t\t\t\t\t\t<div class=\"elementor-widget-wrap\">\n\t\t\t\t\t\t<div class=\"elementor-element elementor-element-de03ba3 elementor-widget elementor-widget-heading\" data-id=\"de03ba3\" data-element_type=\"widget\" data-widget_type=\"heading.default\">\n\t\t\t\t<div class=\"elementor-widget-container\">\n\t\t\t<h6 class=\"elementor-heading-title elementor-size-default\">Lerma<\/h6>\t\t<\/div>\n\t\t\t\t<\/div>\n\t\t\t\t\t\t<\/div>\n\t\t\t\t\t<\/div>\n\t\t<\/div>\n\t\t\t\t<div class=\"elementor-column elementor-col-16 elementor-top-column elementor-element elementor-element-43df2cb\" data-id=\"43df2cb\" data-element_type=\"column\">\n\t\t\t<div class=\"elementor-column-wrap elementor-element-populated\">\n\t\t\t\t\t\t\t<div class=\"elementor-widget-wrap\">\n\t\t\t\t\t\t<div class=\"elementor-element elementor-element-29a6360 elementor-widget elementor-widget-heading\" data-id=\"29a6360\" data-element_type=\"widget\" data-widget_type=\"heading.default\">\n\t\t\t\t<div class=\"elementor-widget-container\">\n\t\t\t<h6 class=\"elementor-heading-title elementor-size-default\">Xochimilco<\/h6>\t\t<\/div>\n\t\t\t\t<\/div>\n\t\t\t\t\t\t<\/div>\n\t\t\t\t\t<\/div>\n\t\t<\/div>\n\t\t\t\t<div class=\"elementor-column elementor-col-16 elementor-top-column elementor-element elementor-element-e8d970a\" data-id=\"e8d970a\" data-element_type=\"column\">\n\t\t\t<div class=\"elementor-column-wrap elementor-element-populated\">\n\t\t\t\t\t\t\t<div class=\"elementor-widget-wrap\">\n\t\t\t\t\t\t<div class=\"elementor-element elementor-element-cbc1da7 elementor-widget elementor-widget-heading\" data-id=\"cbc1da7\" data-element_type=\"widget\" data-widget_type=\"heading.default\">\n\t\t\t\t<div class=\"elementor-widget-container\">\n\t\t\t<h6 class=\"elementor-heading-title elementor-size-default\">Rector\u00eda General<\/h6>\t\t<\/div>\n\t\t\t\t<\/div>\n\t\t\t\t\t\t<\/div>\n\t\t\t\t\t<\/div>\n\t\t<\/div>\n\t\t\t\t\t\t\t\t<\/div>\n\t\t\t\t\t<\/div>\n\t\t<\/section>\n\t\t\t\t\t\t\t\t\t<\/div>\n\t\t\t<\/div>\n\t\t\t\t\t<\/div>\n\t\t","protected":false},"excerpt":{"rendered":"<p>Aviso de Privacidad La DIVISI\u00d3N DE CIENCIAS B\u00c1SICAS E INGENIER\u00cdA de la UNIDAD AZCAPOTZALCO (DCBI-A), con domicilio en calle San Pablo # 420, Colonia Nueva el Rosario, C.P. 02128, en&hellip;<\/p>\n","protected":false},"author":1,"featured_media":0,"parent":0,"menu_order":0,"comment_status":"closed","ping_status":"closed","template":"elementor_header_footer","meta":{"footnotes":""},"class_list":["post-1301","page","type-page","status-publish","hentry"],"_links":{"self":[{"href":"https:\/\/cbi.azc.uam.mx\/index.php?rest_route=\/wp\/v2\/pages\/1301","targetHints":{"allow":["GET"]}}],"collection":[{"href":"https:\/\/cbi.azc.uam.mx\/index.php?rest_route=\/wp\/v2\/pages"}],"about":[{"href":"https:\/\/cbi.azc.uam.mx\/index.php?rest_route=\/wp\/v2\/types\/page"}],"author":[{"embeddable":true,"href":"https:\/\/cbi.azc.uam.mx\/index.php?rest_route=\/wp\/v2\/users\/1"}],"replies":[{"embeddable":true,"href":"https:\/\/cbi.azc.uam.mx\/index.php?rest_route=%2Fwp%2Fv2%2Fcomments&post=1301"}],"version-history":[{"count":7,"href":"https:\/\/cbi.azc.uam.mx\/index.php?rest_route=\/wp\/v2\/pages\/1301\/revisions"}],"predecessor-version":[{"id":565420,"href":"https:\/\/cbi.azc.uam.mx\/index.php?rest_route=\/wp\/v2\/pages\/1301\/revisions\/565420"}],"wp:attachment":[{"href":"https:\/\/cbi.azc.uam.mx\/index.php?rest_route=%2Fwp%2Fv2%2Fmedia&parent=1301"}],"curies":[{"name":"wp","href":"https:\/\/api.w.org\/{rel}","templated":true}]}}